{"id":1303,"date":"2021-06-10T19:44:49","date_gmt":"2021-06-10T17:44:49","guid":{"rendered":"https:\/\/bertfenber.com\/?page_id=1303"},"modified":"2025-05-23T20:42:45","modified_gmt":"2025-05-23T18:42:45","slug":"ueber-mich","status":"publish","type":"page","link":"https:\/\/bertfenber.com\/en\/ueber-mich\/","title":{"rendered":"About Me"},"content":{"rendered":"<div data-elementor-type=\"wp-page\" data-elementor-id=\"1303\" class=\"elementor elementor-1303\" data-elementor-post-type=\"page\">\n\t\t\t\t\t\t<section class=\"elementor-section elementor-top-section elementor-element elementor-element-a65d2c1 elementor-section-boxed elementor-section-height-default elementor-section-height-default\" data-id=\"a65d2c1\" data-element_type=\"section\" data-e-type=\"section\">\n\t\t\t\t\t\t<div class=\"elementor-container elementor-column-gap-default\">\n\t\t\t\t\t<div class=\"elementor-column elementor-col-100 elementor-top-column elementor-element elementor-element-a4b2a6e\" data-id=\"a4b2a6e\" data-element_type=\"column\" data-e-type=\"column\">\n\t\t\t<div class=\"elementor-widget-wrap elementor-element-populated\">\n\t\t\t\t\t\t<div class=\"elementor-element elementor-element-f8a960c elementor-widget elementor-widget-heading\" data-id=\"f8a960c\" data-element_type=\"widget\" data-e-type=\"widget\" data-widget_type=\"heading.default\">\n\t\t\t\t<div class=\"elementor-widget-container\">\n\t\t\t\t\t<h2 class=\"elementor-heading-title elementor-size-default\">About FenBer Music<\/h2>\t\t\t\t<\/div>\n\t\t\t\t<\/div>\n\t\t\t\t\t<\/div>\n\t\t<\/div>\n\t\t\t\t\t<\/div>\n\t\t<\/section>\n\t\t\t\t<section class=\"elementor-section elementor-top-section elementor-element elementor-element-7700191 elementor-section-boxed elementor-section-height-default elementor-section-height-default\" data-id=\"7700191\" data-element_type=\"section\" data-e-type=\"section\">\n\t\t\t\t\t\t<div class=\"elementor-container elementor-column-gap-default\">\n\t\t\t\t\t<div class=\"elementor-column elementor-col-50 elementor-top-column elementor-element elementor-element-56ac2c9\" data-id=\"56ac2c9\" data-element_type=\"column\" data-e-type=\"column\">\n\t\t\t<div class=\"elementor-widget-wrap elementor-element-populated\">\n\t\t\t\t\t\t<div class=\"elementor-element elementor-element-f5233fe elementor-widget elementor-widget-image\" data-id=\"f5233fe\" data-element_type=\"widget\" data-e-type=\"widget\" data-widget_type=\"image.default\">\n\t\t\t\t<div class=\"elementor-widget-container\">\n\t\t\t\t\t\t\t\t\t\t\t\t\t\t\t<img fetchpriority=\"high\" decoding=\"async\" width=\"800\" height=\"600\" src=\"https:\/\/bertfenber.com\/wp-content\/uploads\/2021\/06\/Bert_Fenber_official-1024x768.jpg\" class=\"attachment-large size-large wp-image-1262\" alt=\"\" srcset=\"https:\/\/bertfenber.com\/wp-content\/uploads\/2021\/06\/Bert_Fenber_official-1024x768.jpg 1024w, https:\/\/bertfenber.com\/wp-content\/uploads\/2021\/06\/Bert_Fenber_official-300x225.jpg 300w, https:\/\/bertfenber.com\/wp-content\/uploads\/2021\/06\/Bert_Fenber_official-768x576.jpg 768w, https:\/\/bertfenber.com\/wp-content\/uploads\/2021\/06\/Bert_Fenber_official-1536x1152.jpg 1536w, https:\/\/bertfenber.com\/wp-content\/uploads\/2021\/06\/Bert_Fenber_official.jpg 1600w\" sizes=\"(max-width: 800px) 100vw, 800px\" \/>\t\t\t\t\t\t\t\t\t\t\t\t\t\t\t<\/div>\n\t\t\t\t<\/div>\n\t\t\t\t\t<\/div>\n\t\t<\/div>\n\t\t\t\t<div class=\"elementor-column elementor-col-50 elementor-top-column elementor-element elementor-element-bb6512e\" data-id=\"bb6512e\" data-element_type=\"column\" data-e-type=\"column\">\n\t\t\t<div class=\"elementor-widget-wrap elementor-element-populated\">\n\t\t\t\t\t\t<div class=\"elementor-element elementor-element-73c12fc elementor-widget elementor-widget-heading\" data-id=\"73c12fc\" data-element_type=\"widget\" data-e-type=\"widget\" data-widget_type=\"heading.default\">\n\t\t\t\t<div class=\"elementor-widget-container\">\n\t\t\t\t\t<h2 class=\"elementor-heading-title elementor-size-default\">Who is Bert Fenber<\/h2>\t\t\t\t<\/div>\n\t\t\t\t<\/div>\n\t\t\t\t<div class=\"elementor-element elementor-element-338949b elementor-widget elementor-widget-text-editor\" data-id=\"338949b\" data-element_type=\"widget\" data-e-type=\"widget\" data-widget_type=\"text-editor.default\">\n\t\t\t\t<div class=\"elementor-widget-container\">\n\t\t\t\t\t\t\t\t\t<p>Singer-Songwriter Bert Fenber erf\u00fcllt nicht die \u00fcblichen Erwartungen und Klischees eines Singer- Songwriters. Er ist nicht einer der vielen jungen Musiker, die kommen und oft wieder gehen. Mit einer Promotion in Amerikanistik, einem Studium an der Universit\u00e4t M\u00fcnster und 20 Jahren als Journalist f\u00fcr gro\u00dfe deutsche Medien ist er eher eine Ausnahme.<\/p>\t\t\t\t\t\t\t\t<\/div>\n\t\t\t\t<\/div>\n\t\t\t\t\t<\/div>\n\t\t<\/div>\n\t\t\t\t\t<\/div>\n\t\t<\/section>\n\t\t\t\t<section class=\"elementor-section elementor-top-section elementor-element elementor-element-4a413d0 elementor-section-boxed elementor-section-height-default elementor-section-height-default\" data-id=\"4a413d0\" data-element_type=\"section\" data-e-type=\"section\">\n\t\t\t\t\t\t<div class=\"elementor-container elementor-column-gap-default\">\n\t\t\t\t\t<div class=\"elementor-column elementor-col-100 elementor-top-column elementor-element elementor-element-eedd3a6\" data-id=\"eedd3a6\" data-element_type=\"column\" data-e-type=\"column\">\n\t\t\t<div class=\"elementor-widget-wrap elementor-element-populated\">\n\t\t\t\t\t\t<div class=\"elementor-element elementor-element-58133ef elementor-widget elementor-widget-text-editor\" data-id=\"58133ef\" data-element_type=\"widget\" data-e-type=\"widget\" data-widget_type=\"text-editor.default\">\n\t\t\t\t<div class=\"elementor-widget-container\">\n\t\t\t\t\t\t\t\t\t<p>Er wurde im Jahrzehnt der Babyboomer in Darmstadt geboren und hat bereits ein Leben gef\u00fchrt. Aufgrund der Arbeit seines Vaters musste Bert Fenber, alias Bernd Rasche als sein richtiger Name, im j\u00fcngeren Alter ziemlich oft von Stadt zu Stadt ziehen. Er verbrachte ein Jahr an einer amerikanischen High School in einer kleinen Stadt im S\u00fcden von Michigan. In dieser Zeit wurde der Keim der Musik und des Song-Schreibens endg\u00fcltig in sein Leben eingepflanzt. Seine Gitarre war Teil der Reise und er schloss sich einer lokalen afroamerikanischen Rockband an, in der er der einzige wei\u00dfe Musiker war. Noch vor dem Jahr in Amerika erhielt er einen Preis von einem Auftritt bei einem deutschen religi\u00f6sen Songfestival. Ihm wurde angeboten, einer der Interpreten einer LP zu sein.<\/p>\n<p>Mehrere Reisen und ein Forschungsaufenthalt nach und in Amerika in den 80ern und sp\u00e4ten 90ern &#8211; New York, Pennsylvania, California und Florida &#8211; lie\u00dfen ihn die amerikanische Pop- und Rockkultur wieder einatmen. Der Besuch von Live-Konzerten von Joe Jackson in Philadelphia und von Paul Simon in South Bend inspirierte ihn stark. Als er auf der California State Route 1 von San Francisco nach Los Angeles einen Hit-Radiosender h\u00f6rte, wurde seine Leidenschaft f\u00fcr den Poprock erneut best\u00e4tigt. W\u00e4hrend seiner jahrelangen Beziehung zu einer Franz\u00f6sin lebte er&nbsp;in Paris und in Deutschland. Es war diese Erfahrung, die ihn dazu brachte, das Pariser Flair aufzunehmen und die franz\u00f6sische Sprache zu lernen.<\/p>\n<p>The sound of his songs has a Euro-American touch. Bert Fenber's music shows clear structures and is based on classical instruments like guitar, bass, drums and keyboards. His strong voice is an essential part of the melody lines. The lyrics of his songs are about love, society and hope.<\/p>\n<p>Late, during his normal working life, he went to a friend's studio in the German university town of M\u00fcnster and started recording his songs professionally. The good feedback from his network all over the world confirmed him. \"High Time,\" one of his critical songs, is a protest song against the situation in the world - poverty, climate change and politics. \"Coffeebar,\" \"Rebel of Love\" and \"Sounds of Berlin\" - the latter commemorating the 30th anniversary of the fall of the Berlin Wall - are among the songs. For each song he gathers some musicians to work on and record his music. Anyone who likes pop rock based on strong emotions and life experience will feel at home with his sound. Bert Fenber's songs work for every generation and have a catchy melody. Bert Fenber is supported by the agencies <a href=\"https:\/\/newcomer-music-management.de\/\">Newcomer Music Management<\/a> and <a href=\"https:\/\/www.patreon.com\/toptalentpromotions?l=de\">Toptalentpromotion<\/a> (England). His songs can be heard in the popular streaming portals and in You Tube. \"Bright Eyes\" is his latest song \"No Return\" again a protest song against climate change. Bert Fenber writes songs with all his emotions.<\/p>\n<p>Facebook: <a href=\"https:\/\/www.facebook.com\/bertfenber\">Bert Fenber Music | Facebook<\/a><\/p>\n<p>Instagram: <a href=\"https:\/\/www.instagram.com\/bertfenber\/\">BERT FENBER (@bertfenber) \u2022 Instagram-Fotos und -Videos<\/a><\/p>\t\t\t\t\t\t\t\t<\/div>\n\t\t\t\t<\/div>\n\t\t\t\t\t<\/div>\n\t\t<\/div>\n\t\t\t\t\t<\/div>\n\t\t<\/section>\n\t\t\t\t<\/div>","protected":false},"excerpt":{"rendered":"<p>\u00dcber FenBer Music Wer ist Bert Fenber Singer-Songwriter Bert Fenber erf\u00fcllt nicht die \u00fcblichen Erwartungen und Klischees eines Singer- Songwriters. Er ist nicht einer der vielen jungen Musiker, die kommen und oft wieder gehen. Mit einer Promotion in Amerikanistik, einem Studium an der Universit\u00e4t M\u00fcnster und 20 Jahren als Journalist f\u00fcr gro\u00dfe deutsche Medien ist [&hellip;]<\/p>\n","protected":false},"author":3,"featured_media":0,"parent":0,"menu_order":0,"comment_status":"closed","ping_status":"closed","template":"","meta":{"footnotes":""},"class_list":["post-1303","page","type-page","status-publish","hentry"],"yoast_head":"<!-- This site is optimized with the Yoast SEO plugin v25.6 - https:\/\/yoast.com\/wordpress\/plugins\/seo\/ -->\n<title>\u00dcber Mich - Bertfenber<\/title>\n<meta name=\"description\" content=\"Wer ist Bert FenberBert - Fenber erf\u00fcllt nicht die \u00fcblichen Erwartungen und Klischees eines Singer- Songwriters.\" \/>\n<meta name=\"robots\" content=\"index, follow, max-snippet:-1, max-image-preview:large, max-video-preview:-1\" \/>\n<link rel=\"canonical\" href=\"https:\/\/bertfenber.com\/en\/ueber-mich\/\" \/>\n<meta property=\"og:locale\" content=\"en_GB\" \/>\n<meta property=\"og:type\" content=\"article\" \/>\n<meta property=\"og:title\" content=\"\u00dcber Mich - Bertfenber\" \/>\n<meta property=\"og:description\" content=\"Wer ist Bert FenberBert - Fenber erf\u00fcllt nicht die \u00fcblichen Erwartungen und Klischees eines Singer- Songwriters.\" \/>\n<meta property=\"og:url\" content=\"https:\/\/bertfenber.com\/en\/ueber-mich\/\" \/>\n<meta property=\"og:site_name\" content=\"Bertfenber\" \/>\n<meta property=\"article:modified_time\" content=\"2025-05-23T18:42:45+00:00\" \/>\n<meta property=\"og:image\" content=\"https:\/\/bertfenber.com\/wp-content\/uploads\/2021\/06\/Bert_Fenber_official.jpg\" \/>\n\t<meta property=\"og:image:width\" content=\"1600\" \/>\n\t<meta property=\"og:image:height\" content=\"1200\" \/>\n\t<meta property=\"og:image:type\" content=\"image\/jpeg\" \/>\n<meta name=\"twitter:card\" content=\"summary_large_image\" \/>\n<meta name=\"twitter:label1\" content=\"Estimated reading time\" \/>\n\t<meta name=\"twitter:data1\" content=\"4 minutes\" \/>\n<script type=\"application\/ld+json\" class=\"yoast-schema-graph\">{\"@context\":\"https:\/\/schema.org\",\"@graph\":[{\"@type\":\"WebPage\",\"@id\":\"https:\/\/bertfenber.com\/ueber-mich\/\",\"url\":\"https:\/\/bertfenber.com\/ueber-mich\/\",\"name\":\"\u00dcber Mich - Bertfenber\",\"isPartOf\":{\"@id\":\"https:\/\/bertfenber.com\/#website\"},\"primaryImageOfPage\":{\"@id\":\"https:\/\/bertfenber.com\/ueber-mich\/#primaryimage\"},\"image\":{\"@id\":\"https:\/\/bertfenber.com\/ueber-mich\/#primaryimage\"},\"thumbnailUrl\":\"https:\/\/bertfenber.com\/wp-content\/uploads\/2021\/06\/Bert_Fenber_official-1024x768.jpg\",\"datePublished\":\"2021-06-10T17:44:49+00:00\",\"dateModified\":\"2025-05-23T18:42:45+00:00\",\"description\":\"Wer ist Bert FenberBert - Fenber erf\u00fcllt nicht die \u00fcblichen Erwartungen und Klischees eines Singer- Songwriters.\",\"breadcrumb\":{\"@id\":\"https:\/\/bertfenber.com\/ueber-mich\/#breadcrumb\"},\"inLanguage\":\"en-GB\",\"potentialAction\":[{\"@type\":\"ReadAction\",\"target\":[\"https:\/\/bertfenber.com\/ueber-mich\/\"]}]},{\"@type\":\"ImageObject\",\"inLanguage\":\"en-GB\",\"@id\":\"https:\/\/bertfenber.com\/ueber-mich\/#primaryimage\",\"url\":\"https:\/\/bertfenber.com\/wp-content\/uploads\/2021\/06\/Bert_Fenber_official-1024x768.jpg\",\"contentUrl\":\"https:\/\/bertfenber.com\/wp-content\/uploads\/2021\/06\/Bert_Fenber_official-1024x768.jpg\"},{\"@type\":\"BreadcrumbList\",\"@id\":\"https:\/\/bertfenber.com\/ueber-mich\/#breadcrumb\",\"itemListElement\":[{\"@type\":\"ListItem\",\"position\":1,\"name\":\"Startseite\",\"item\":\"https:\/\/bertfenber.com\/\"},{\"@type\":\"ListItem\",\"position\":2,\"name\":\"\u00dcber Mich\"}]},{\"@type\":\"WebSite\",\"@id\":\"https:\/\/bertfenber.com\/#website\",\"url\":\"https:\/\/bertfenber.com\/\",\"name\":\"Bertfenber\",\"description\":\"Sense of Music\",\"publisher\":{\"@id\":\"https:\/\/bertfenber.com\/#organization\"},\"potentialAction\":[{\"@type\":\"SearchAction\",\"target\":{\"@type\":\"EntryPoint\",\"urlTemplate\":\"https:\/\/bertfenber.com\/?s={search_term_string}\"},\"query-input\":{\"@type\":\"PropertyValueSpecification\",\"valueRequired\":true,\"valueName\":\"search_term_string\"}}],\"inLanguage\":\"en-GB\"},{\"@type\":\"Organization\",\"@id\":\"https:\/\/bertfenber.com\/#organization\",\"name\":\"Bertfenber\",\"url\":\"https:\/\/bertfenber.com\/\",\"logo\":{\"@type\":\"ImageObject\",\"inLanguage\":\"en-GB\",\"@id\":\"https:\/\/bertfenber.com\/#\/schema\/logo\/image\/\",\"url\":\"https:\/\/bertfenber.com\/wp-content\/uploads\/2021\/06\/Logo2.png\",\"contentUrl\":\"https:\/\/bertfenber.com\/wp-content\/uploads\/2021\/06\/Logo2.png\",\"width\":592,\"height\":500,\"caption\":\"Bertfenber\"},\"image\":{\"@id\":\"https:\/\/bertfenber.com\/#\/schema\/logo\/image\/\"}}]}<\/script>\n<!-- \/ Yoast SEO plugin. -->","yoast_head_json":{"title":"\u00dcber Mich - Bertfenber","description":"Wer ist Bert FenberBert - Fenber erf\u00fcllt nicht die \u00fcblichen Erwartungen und Klischees eines Singer- Songwriters.","robots":{"index":"index","follow":"follow","max-snippet":"max-snippet:-1","max-image-preview":"max-image-preview:large","max-video-preview":"max-video-preview:-1"},"canonical":"https:\/\/bertfenber.com\/en\/ueber-mich\/","og_locale":"en_GB","og_type":"article","og_title":"\u00dcber Mich - Bertfenber","og_description":"Wer ist Bert FenberBert - Fenber erf\u00fcllt nicht die \u00fcblichen Erwartungen und Klischees eines Singer- Songwriters.","og_url":"https:\/\/bertfenber.com\/en\/ueber-mich\/","og_site_name":"Bertfenber","article_modified_time":"2025-05-23T18:42:45+00:00","og_image":[{"width":1600,"height":1200,"url":"https:\/\/bertfenber.com\/wp-content\/uploads\/2021\/06\/Bert_Fenber_official.jpg","type":"image\/jpeg"}],"twitter_card":"summary_large_image","twitter_misc":{"Estimated reading time":"4 minutes"},"schema":{"@context":"https:\/\/schema.org","@graph":[{"@type":"WebPage","@id":"https:\/\/bertfenber.com\/ueber-mich\/","url":"https:\/\/bertfenber.com\/ueber-mich\/","name":"\u00dcber Mich - Bertfenber","isPartOf":{"@id":"https:\/\/bertfenber.com\/#website"},"primaryImageOfPage":{"@id":"https:\/\/bertfenber.com\/ueber-mich\/#primaryimage"},"image":{"@id":"https:\/\/bertfenber.com\/ueber-mich\/#primaryimage"},"thumbnailUrl":"https:\/\/bertfenber.com\/wp-content\/uploads\/2021\/06\/Bert_Fenber_official-1024x768.jpg","datePublished":"2021-06-10T17:44:49+00:00","dateModified":"2025-05-23T18:42:45+00:00","description":"Wer ist Bert FenberBert - Fenber erf\u00fcllt nicht die \u00fcblichen Erwartungen und Klischees eines Singer- Songwriters.","breadcrumb":{"@id":"https:\/\/bertfenber.com\/ueber-mich\/#breadcrumb"},"inLanguage":"en-GB","potentialAction":[{"@type":"ReadAction","target":["https:\/\/bertfenber.com\/ueber-mich\/"]}]},{"@type":"ImageObject","inLanguage":"en-GB","@id":"https:\/\/bertfenber.com\/ueber-mich\/#primaryimage","url":"https:\/\/bertfenber.com\/wp-content\/uploads\/2021\/06\/Bert_Fenber_official-1024x768.jpg","contentUrl":"https:\/\/bertfenber.com\/wp-content\/uploads\/2021\/06\/Bert_Fenber_official-1024x768.jpg"},{"@type":"BreadcrumbList","@id":"https:\/\/bertfenber.com\/ueber-mich\/#breadcrumb","itemListElement":[{"@type":"ListItem","position":1,"name":"Startseite","item":"https:\/\/bertfenber.com\/"},{"@type":"ListItem","position":2,"name":"\u00dcber Mich"}]},{"@type":"WebSite","@id":"https:\/\/bertfenber.com\/#website","url":"https:\/\/bertfenber.com\/","name":"Bertfenber","description":"Sense of Music","publisher":{"@id":"https:\/\/bertfenber.com\/#organization"},"potentialAction":[{"@type":"SearchAction","target":{"@type":"EntryPoint","urlTemplate":"https:\/\/bertfenber.com\/?s={search_term_string}"},"query-input":{"@type":"PropertyValueSpecification","valueRequired":true,"valueName":"search_term_string"}}],"inLanguage":"en-GB"},{"@type":"Organization","@id":"https:\/\/bertfenber.com\/#organization","name":"Bertfenber","url":"https:\/\/bertfenber.com\/","logo":{"@type":"ImageObject","inLanguage":"en-GB","@id":"https:\/\/bertfenber.com\/#\/schema\/logo\/image\/","url":"https:\/\/bertfenber.com\/wp-content\/uploads\/2021\/06\/Logo2.png","contentUrl":"https:\/\/bertfenber.com\/wp-content\/uploads\/2021\/06\/Logo2.png","width":592,"height":500,"caption":"Bertfenber"},"image":{"@id":"https:\/\/bertfenber.com\/#\/schema\/logo\/image\/"}}]}},"_links":{"self":[{"href":"https:\/\/bertfenber.com\/en\/wp-json\/wp\/v2\/pages\/1303"}],"collection":[{"href":"https:\/\/bertfenber.com\/en\/wp-json\/wp\/v2\/pages"}],"about":[{"href":"https:\/\/bertfenber.com\/en\/wp-json\/wp\/v2\/types\/page"}],"author":[{"embeddable":true,"href":"https:\/\/bertfenber.com\/en\/wp-json\/wp\/v2\/users\/3"}],"replies":[{"embeddable":true,"href":"https:\/\/bertfenber.com\/en\/wp-json\/wp\/v2\/comments?post=1303"}],"version-history":[{"count":3,"href":"https:\/\/bertfenber.com\/en\/wp-json\/wp\/v2\/pages\/1303\/revisions"}],"predecessor-version":[{"id":1986,"href":"https:\/\/bertfenber.com\/en\/wp-json\/wp\/v2\/pages\/1303\/revisions\/1986"}],"wp:attachment":[{"href":"https:\/\/bertfenber.com\/en\/wp-json\/wp\/v2\/media?parent=1303"}],"curies":[{"name":"wp","href":"https:\/\/api.w.org\/{rel}","templated":true}]}}