{"id":23,"date":"2021-06-08T10:21:19","date_gmt":"2021-06-08T10:21:19","guid":{"rendered":"http:\/\/bertfenber.com\/?page_id=23"},"modified":"2023-05-08T15:02:10","modified_gmt":"2023-05-08T13:02:10","slug":"impressum","status":"publish","type":"page","link":"https:\/\/bertfenber.com\/en\/impressum\/","title":{"rendered":"Imprint"},"content":{"rendered":"<div data-elementor-type=\"wp-page\" data-elementor-id=\"23\" class=\"elementor elementor-23\" data-elementor-post-type=\"page\">\n\t\t\t\t\t\t<section class=\"elementor-section elementor-top-section elementor-element elementor-element-be02ba5 elementor-section-boxed elementor-section-height-default elementor-section-height-default\" data-id=\"be02ba5\" data-element_type=\"section\" data-e-type=\"section\" data-settings=\"{&quot;background_background&quot;:&quot;classic&quot;}\">\n\t\t\t\t\t\t<div class=\"elementor-container elementor-column-gap-default\">\n\t\t\t\t\t<div class=\"elementor-column elementor-col-100 elementor-top-column elementor-element elementor-element-5703e28\" data-id=\"5703e28\" data-element_type=\"column\" data-e-type=\"column\">\n\t\t\t<div class=\"elementor-widget-wrap elementor-element-populated\">\n\t\t\t\t\t\t<div class=\"elementor-element elementor-element-0e079cb elementor-widget elementor-widget-text-editor\" data-id=\"0e079cb\" data-element_type=\"widget\" data-e-type=\"widget\" data-widget_type=\"text-editor.default\">\n\t\t\t\t<div class=\"elementor-widget-container\">\n\t\t\t\t\t\t\t\t\t<h1>Imprint<\/h1>\n\n<h2>Angaben gem&auml;&szlig; &sect; 5 TMG<\/h2>\n<p>Bernd Rasche<br \/>\nBert Fenber Music<br \/>\nCoerdestr. 17<br \/>\n48147 M&uuml;nster<\/p>\n\n<h2>Contact<\/h2>\n<p>Telefon: 00491637273632<br \/>\nE-Mail: info@bertfenber.com<\/p>\n\n<h2>Redaktionell verantwortlich<\/h2>\n<p>Bernd Rasche<br \/>\nCoerdestr. 17<br \/>\n48147 M&uuml;nster<\/p>\n\n<h2>EU-Streitschlichtung<\/h2>\n<p>Die Europ&auml;ische Kommission stellt eine Plattform zur Online-Streitbeilegung (OS) bereit: <a href=\"https:\/\/ec.europa.eu\/consumers\/odr\/\" target=\"_blank\" rel=\"noopener noreferrer\">https:\/\/ec.europa.eu\/consumers\/odr\/<\/a>.<br \/> Unsere E-Mail-Adresse finden Sie oben im Impressum.<\/p>\n\n<h2>Verbraucher&shy;streit&shy;beilegung\/Universal&shy;schlichtungs&shy;stelle<\/h2>\n<p>Wir sind nicht bereit oder verpflichtet, an Streitbeilegungsverfahren vor einer Verbraucherschlichtungsstelle teilzunehmen.<\/p>\n\n<p>Quelle: <a href=\"https:\/\/www.e-recht24.de\">https:\/\/www.e-recht24.de<\/a><\/p>\t\t\t\t\t\t\t\t<\/div>\n\t\t\t\t<\/div>\n\t\t\t\t<div class=\"elementor-element elementor-element-99bfc74 elementor-hidden-desktop elementor-hidden-tablet elementor-hidden-mobile elementor-widget elementor-widget-text-editor\" data-id=\"99bfc74\" data-element_type=\"widget\" data-e-type=\"widget\" data-widget_type=\"text-editor.default\">\n\t\t\t\t<div class=\"elementor-widget-container\">\n\t\t\t\t\t\t\t\t\t<header class=\"entry-header\"><h1 class=\"entry-title\">Imprint<\/h1><\/header><div class=\"entry-content\"><h3>Angaben gem\u00e4\u00df \u00a7 5 TMG:<\/h3><p>Dr. Bernd Rasche<br \/>alias Bert Fenber<br \/>Coerdestra\u00dfe 17<br \/>48147 M\u00fcnster<br \/>NRW<\/p><h4>Kontakt:<\/h4><p>Telefon: <a href=\"tel:0251273632\">0251-273632<\/a> <br \/>Telefon: <a href=\"tel:01637273632\">0163-7273632<\/a><br \/>E-Mail: <a href=\"mailto:info@bertfenber.com\">info@bertfenber.com<\/a><br \/>Internet: <a href=\"https:\/\/bertfenber.com\/en\/\">www.bertfenber.com<\/a><\/p><h4>\u00a0<\/h4><h3>Hinweis auf EU-Streitschlichtung<\/h3><p>Die Europ\u00e4ische Kommission stellt eine Plattform zur Online-Streitbeilegung (OS) bereit: <a href=\"http:\/\/ec.europa.eu\/consumers\/odr\">http:\/\/ec.europa.eu\/consumers\/odr<\/a><br \/>Unsere E-Mail-Adresse finden sie oben im Impressum.<\/p><p>Quelle: <em><a href=\"http:\/\/www.e-recht24.de\/impressum-generator.html\">http:\/\/www.e-recht24.de<\/a><\/em><\/p><h2>\u00a0<\/h2><h3>Haftungsausschluss (Disclaimer)<\/h3><p><strong>Haftung f\u00fcr Inhalte<\/strong><\/p><p>Als Diensteanbieter sind wir gem\u00e4\u00df \u00a7 7 Abs.1 TMG f\u00fcr eigene Inhalte auf diesen Seiten nach den allgemeinen Gesetzen verantwortlich. Nach \u00a7\u00a7 8 bis 10 TMG sind wir als Diensteanbieter jedoch nicht verpflichtet, \u00fcbermittelte oder gespeicherte fremde Informationen zu \u00fcberwachen oder nach Umst\u00e4nden zu forschen, die auf eine rechtswidrige T\u00e4tigkeit hinweisen. Verpflichtungen zur Entfernung oder Sperrung der Nutzung von Informationen nach den allgemeinen Gesetzen bleiben hiervon unber\u00fchrt. Eine diesbez\u00fcgliche Haftung ist jedoch erst ab dem Zeitpunkt der Kenntnis einer konkreten Rechtsverletzung m\u00f6glich. Bei Bekanntwerden von entsprechenden Rechtsverletzungen werden wir diese Inhalte umgehend entfernen.<\/p><p><strong>Haftung f\u00fcr Links<\/strong><\/p><p>Unser Angebot enth\u00e4lt Links zu externen Webseiten Dritter, auf deren Inhalte wir keinen Einfluss haben. Deshalb k\u00f6nnen wir f\u00fcr diese fremden Inhalte auch keine Gew\u00e4hr \u00fcbernehmen. F\u00fcr die Inhalte der verlinkten Seiten ist stets der jeweilige Anbieter oder Betreiber der Seiten verantwortlich. Die verlinkten Seiten wurden zum Zeitpunkt der Verlinkung auf m\u00f6gliche Rechtsverst\u00f6\u00dfe \u00fcberpr\u00fcft. Rechtswidrige Inhalte waren zum Zeitpunkt der Verlinkung nicht erkennbar. Eine permanente inhaltliche Kontrolle der verlinkten Seiten ist jedoch ohne konkrete Anhaltspunkte einer Rechtsverletzung nicht zumutbar. Bei Bekanntwerden von Rechtsverletzungen werden wir derartige Links umgehend entfernen.<\/p><p><strong>Urheberrecht<\/strong><\/p><p>Die durch die Seitenbetreiber erstellten Inhalte und Werke auf diesen Seiten unterliegen dem deutschen Urheberrecht. Die Vervielf\u00e4ltigung, Bearbeitung, Verbreitung und jede Art der Verwertung au\u00dferhalb der Grenzen des Urheberrechtes bed\u00fcrfen der schriftlichen Zustimmung des jeweiligen Autors bzw. Erstellers. Downloads und Kopien dieser Seite sind nur f\u00fcr den privaten, nicht kommerziellen Gebrauch gestattet. Soweit die Inhalte auf dieser Seite nicht vom Betreiber erstellt wurden, werden die Urheberrechte Dritter beachtet. Insbesondere werden Inhalte Dritter als solche gekennzeichnet. Sollten Sie trotzdem auf eine Urheberrechtsverletzung aufmerksam werden, bitten wir um einen entsprechenden Hinweis. Bei Bekanntwerden von Rechtsverletzungen werden wir derartige Inhalte umgehend entfernen.<\/p><\/div>\t\t\t\t\t\t\t\t<\/div>\n\t\t\t\t<\/div>\n\t\t\t\t\t<\/div>\n\t\t<\/div>\n\t\t\t\t\t<\/div>\n\t\t<\/section>\n\t\t\t\t<\/div>","protected":false},"excerpt":{"rendered":"<p>Impressum Angaben gem&auml;&szlig; &sect; 5 TMG Bernd Rasche Bert Fenber Music Coerdestr. 17 48147 M&uuml;nster Kontakt Telefon: 00491637273632 E-Mail: info@bertfenber.com Redaktionell verantwortlich Bernd Rasche Coerdestr. 17 48147 M&uuml;nster EU-Streitschlichtung Die Europ&auml;ische Kommission stellt eine Plattform zur Online-Streitbeilegung (OS) bereit: https:\/\/ec.europa.eu\/consumers\/odr\/. Unsere E-Mail-Adresse finden Sie oben im Impressum. Verbraucher&shy;streit&shy;beilegung\/Universal&shy;schlichtungs&shy;stelle Wir sind nicht bereit oder verpflichtet, an [&hellip;]<\/p>\n","protected":false},"author":3,"featured_media":0,"parent":0,"menu_order":0,"comment_status":"closed","ping_status":"closed","template":"","meta":{"footnotes":""},"class_list":["post-23","page","type-page","status-publish","hentry"],"yoast_head":"<!-- This site is optimized with the Yoast SEO plugin v25.6 - https:\/\/yoast.com\/wordpress\/plugins\/seo\/ -->\n<title>Impressum - Bertfenber<\/title>\n<meta name=\"robots\" content=\"index, follow, max-snippet:-1, max-image-preview:large, max-video-preview:-1\" \/>\n<link rel=\"canonical\" href=\"https:\/\/bertfenber.com\/en\/impressum\/\" \/>\n<meta property=\"og:locale\" content=\"en_GB\" \/>\n<meta property=\"og:type\" content=\"article\" \/>\n<meta property=\"og:title\" content=\"Impressum - Bertfenber\" \/>\n<meta property=\"og:description\" content=\"Impressum Angaben gem&auml;&szlig; &sect; 5 TMG Bernd Rasche Bert Fenber Music Coerdestr. 17 48147 M&uuml;nster Kontakt Telefon: 00491637273632 E-Mail: info@bertfenber.com Redaktionell verantwortlich Bernd Rasche Coerdestr. 17 48147 M&uuml;nster EU-Streitschlichtung Die Europ&auml;ische Kommission stellt eine Plattform zur Online-Streitbeilegung (OS) bereit: https:\/\/ec.europa.eu\/consumers\/odr\/. Unsere E-Mail-Adresse finden Sie oben im Impressum. Verbraucher&shy;streit&shy;beilegung\/Universal&shy;schlichtungs&shy;stelle Wir sind nicht bereit oder verpflichtet, an [&hellip;]\" \/>\n<meta property=\"og:url\" content=\"https:\/\/bertfenber.com\/en\/impressum\/\" \/>\n<meta property=\"og:site_name\" content=\"Bertfenber\" \/>\n<meta property=\"article:modified_time\" content=\"2023-05-08T13:02:10+00:00\" \/>\n<meta name=\"twitter:card\" content=\"summary_large_image\" \/>\n<meta name=\"twitter:label1\" content=\"Estimated reading time\" \/>\n\t<meta name=\"twitter:data1\" content=\"3 minutes\" \/>\n<script type=\"application\/ld+json\" class=\"yoast-schema-graph\">{\"@context\":\"https:\/\/schema.org\",\"@graph\":[{\"@type\":\"WebPage\",\"@id\":\"https:\/\/bertfenber.com\/impressum\/\",\"url\":\"https:\/\/bertfenber.com\/impressum\/\",\"name\":\"Impressum - Bertfenber\",\"isPartOf\":{\"@id\":\"https:\/\/bertfenber.com\/#website\"},\"datePublished\":\"2021-06-08T10:21:19+00:00\",\"dateModified\":\"2023-05-08T13:02:10+00:00\",\"breadcrumb\":{\"@id\":\"https:\/\/bertfenber.com\/impressum\/#breadcrumb\"},\"inLanguage\":\"en-GB\",\"potentialAction\":[{\"@type\":\"ReadAction\",\"target\":[\"https:\/\/bertfenber.com\/impressum\/\"]}]},{\"@type\":\"BreadcrumbList\",\"@id\":\"https:\/\/bertfenber.com\/impressum\/#breadcrumb\",\"itemListElement\":[{\"@type\":\"ListItem\",\"position\":1,\"name\":\"Startseite\",\"item\":\"https:\/\/bertfenber.com\/\"},{\"@type\":\"ListItem\",\"position\":2,\"name\":\"Impressum\"}]},{\"@type\":\"WebSite\",\"@id\":\"https:\/\/bertfenber.com\/#website\",\"url\":\"https:\/\/bertfenber.com\/\",\"name\":\"Bertfenber\",\"description\":\"Sense of Music\",\"publisher\":{\"@id\":\"https:\/\/bertfenber.com\/#organization\"},\"potentialAction\":[{\"@type\":\"SearchAction\",\"target\":{\"@type\":\"EntryPoint\",\"urlTemplate\":\"https:\/\/bertfenber.com\/?s={search_term_string}\"},\"query-input\":{\"@type\":\"PropertyValueSpecification\",\"valueRequired\":true,\"valueName\":\"search_term_string\"}}],\"inLanguage\":\"en-GB\"},{\"@type\":\"Organization\",\"@id\":\"https:\/\/bertfenber.com\/#organization\",\"name\":\"Bertfenber\",\"url\":\"https:\/\/bertfenber.com\/\",\"logo\":{\"@type\":\"ImageObject\",\"inLanguage\":\"en-GB\",\"@id\":\"https:\/\/bertfenber.com\/#\/schema\/logo\/image\/\",\"url\":\"https:\/\/bertfenber.com\/wp-content\/uploads\/2021\/06\/Logo2.png\",\"contentUrl\":\"https:\/\/bertfenber.com\/wp-content\/uploads\/2021\/06\/Logo2.png\",\"width\":592,\"height\":500,\"caption\":\"Bertfenber\"},\"image\":{\"@id\":\"https:\/\/bertfenber.com\/#\/schema\/logo\/image\/\"}}]}<\/script>\n<!-- \/ Yoast SEO plugin. -->","yoast_head_json":{"title":"Impressum - Bertfenber","robots":{"index":"index","follow":"follow","max-snippet":"max-snippet:-1","max-image-preview":"max-image-preview:large","max-video-preview":"max-video-preview:-1"},"canonical":"https:\/\/bertfenber.com\/en\/impressum\/","og_locale":"en_GB","og_type":"article","og_title":"Impressum - Bertfenber","og_description":"Impressum Angaben gem&auml;&szlig; &sect; 5 TMG Bernd Rasche Bert Fenber Music Coerdestr. 17 48147 M&uuml;nster Kontakt Telefon: 00491637273632 E-Mail: info@bertfenber.com Redaktionell verantwortlich Bernd Rasche Coerdestr. 17 48147 M&uuml;nster EU-Streitschlichtung Die Europ&auml;ische Kommission stellt eine Plattform zur Online-Streitbeilegung (OS) bereit: https:\/\/ec.europa.eu\/consumers\/odr\/. Unsere E-Mail-Adresse finden Sie oben im Impressum. Verbraucher&shy;streit&shy;beilegung\/Universal&shy;schlichtungs&shy;stelle Wir sind nicht bereit oder verpflichtet, an [&hellip;]","og_url":"https:\/\/bertfenber.com\/en\/impressum\/","og_site_name":"Bertfenber","article_modified_time":"2023-05-08T13:02:10+00:00","twitter_card":"summary_large_image","twitter_misc":{"Estimated reading time":"3 minutes"},"schema":{"@context":"https:\/\/schema.org","@graph":[{"@type":"WebPage","@id":"https:\/\/bertfenber.com\/impressum\/","url":"https:\/\/bertfenber.com\/impressum\/","name":"Impressum - Bertfenber","isPartOf":{"@id":"https:\/\/bertfenber.com\/#website"},"datePublished":"2021-06-08T10:21:19+00:00","dateModified":"2023-05-08T13:02:10+00:00","breadcrumb":{"@id":"https:\/\/bertfenber.com\/impressum\/#breadcrumb"},"inLanguage":"en-GB","potentialAction":[{"@type":"ReadAction","target":["https:\/\/bertfenber.com\/impressum\/"]}]},{"@type":"BreadcrumbList","@id":"https:\/\/bertfenber.com\/impressum\/#breadcrumb","itemListElement":[{"@type":"ListItem","position":1,"name":"Startseite","item":"https:\/\/bertfenber.com\/"},{"@type":"ListItem","position":2,"name":"Impressum"}]},{"@type":"WebSite","@id":"https:\/\/bertfenber.com\/#website","url":"https:\/\/bertfenber.com\/","name":"Bertfenber","description":"Sense of Music","publisher":{"@id":"https:\/\/bertfenber.com\/#organization"},"potentialAction":[{"@type":"SearchAction","target":{"@type":"EntryPoint","urlTemplate":"https:\/\/bertfenber.com\/?s={search_term_string}"},"query-input":{"@type":"PropertyValueSpecification","valueRequired":true,"valueName":"search_term_string"}}],"inLanguage":"en-GB"},{"@type":"Organization","@id":"https:\/\/bertfenber.com\/#organization","name":"Bertfenber","url":"https:\/\/bertfenber.com\/","logo":{"@type":"ImageObject","inLanguage":"en-GB","@id":"https:\/\/bertfenber.com\/#\/schema\/logo\/image\/","url":"https:\/\/bertfenber.com\/wp-content\/uploads\/2021\/06\/Logo2.png","contentUrl":"https:\/\/bertfenber.com\/wp-content\/uploads\/2021\/06\/Logo2.png","width":592,"height":500,"caption":"Bertfenber"},"image":{"@id":"https:\/\/bertfenber.com\/#\/schema\/logo\/image\/"}}]}},"_links":{"self":[{"href":"https:\/\/bertfenber.com\/en\/wp-json\/wp\/v2\/pages\/23"}],"collection":[{"href":"https:\/\/bertfenber.com\/en\/wp-json\/wp\/v2\/pages"}],"about":[{"href":"https:\/\/bertfenber.com\/en\/wp-json\/wp\/v2\/types\/page"}],"author":[{"embeddable":true,"href":"https:\/\/bertfenber.com\/en\/wp-json\/wp\/v2\/users\/3"}],"replies":[{"embeddable":true,"href":"https:\/\/bertfenber.com\/en\/wp-json\/wp\/v2\/comments?post=23"}],"version-history":[{"count":6,"href":"https:\/\/bertfenber.com\/en\/wp-json\/wp\/v2\/pages\/23\/revisions"}],"predecessor-version":[{"id":1925,"href":"https:\/\/bertfenber.com\/en\/wp-json\/wp\/v2\/pages\/23\/revisions\/1925"}],"wp:attachment":[{"href":"https:\/\/bertfenber.com\/en\/wp-json\/wp\/v2\/media?parent=23"}],"curies":[{"name":"wp","href":"https:\/\/api.w.org\/{rel}","templated":true}]}}